{"id":754,"date":"2025-02-11T09:20:45","date_gmt":"2025-02-11T14:20:45","guid":{"rendered":"https:\/\/horic.ca\/projets\/ride-hovr\/"},"modified":"2025-02-28T09:34:55","modified_gmt":"2025-02-28T14:34:55","slug":"ride-hovr","status":"publish","type":"page","link":"https:\/\/horic.ca\/fr\/projets\/ride-hovr\/","title":{"rendered":"Hovr"},"content":{"rendered":"\t\t<div data-elementor-type=\"wp-page\" data-elementor-id=\"754\" class=\"elementor elementor-754 elementor-443\" data-elementor-post-type=\"page\">\n\t\t\t\t<div class=\"elementor-element elementor-element-6cc7b595 e-con-full e-flex e-con e-parent\" data-id=\"6cc7b595\" data-element_type=\"container\" data-settings=\"{&quot;background_background&quot;:&quot;gradient&quot;}\">\n\t\t<div class=\"elementor-element elementor-element-1b37c944 e-flex e-con-boxed elementor-invisible e-con e-child\" data-id=\"1b37c944\" data-element_type=\"container\" data-settings=\"{&quot;animation&quot;:&quot;slideInUp&quot;,&quot;animation_delay&quot;:150}\">\n\t\t\t\t\t<div class=\"e-con-inner\">\n\t\t<div class=\"elementor-element elementor-element-16c2c8b2 e-con-full e-flex e-con e-child\" data-id=\"16c2c8b2\" data-element_type=\"container\">\n\t\t\t\t<div class=\"elementor-element elementor-element-70b5d8f4 elementor-widget elementor-widget-heading\" data-id=\"70b5d8f4\" data-element_type=\"widget\" data-widget_type=\"heading.default\">\n\t\t\t\t<div class=\"elementor-widget-container\">\n\t\t\t\t\t<h2 class=\"elementor-heading-title elementor-size-default\"><a href=\"\/fr\/projets\">&lt; Projets<\/a><\/h2>\t\t\t\t<\/div>\n\t\t\t\t<\/div>\n\t\t\t\t<\/div>\n\t\t\t\t<div class=\"elementor-element elementor-element-26a3a934 elementor-widget__width-initial elementor-widget elementor-widget-elementskit-heading\" data-id=\"26a3a934\" data-element_type=\"widget\" data-widget_type=\"elementskit-heading.default\">\n\t\t\t\t<div class=\"elementor-widget-container\">\n\t\t\t\t\t<div class=\"ekit-wid-con\" ><div class=\"ekit-heading elementskit-section-title-wraper text_left   ekit_heading_tablet-   ekit_heading_mobile-\"><\/div><\/div>\t\t\t\t<\/div>\n\t\t\t\t<\/div>\n\t\t\t\t\t<\/div>\n\t\t\t\t<\/div>\n\t\t\t\t<\/div>\n\t\t<div class=\"elementor-element elementor-element-6e5d829a e-flex e-con-boxed elementor-invisible e-con e-parent\" data-id=\"6e5d829a\" data-element_type=\"container\" data-settings=\"{&quot;animation&quot;:&quot;slideInUp&quot;,&quot;animation_delay&quot;:150}\">\n\t\t\t\t\t<div class=\"e-con-inner\">\n\t\t<div class=\"elementor-element elementor-element-c61d2b2 e-con-full e-flex e-con e-child\" data-id=\"c61d2b2\" data-element_type=\"container\">\n\t\t\t\t<div class=\"elementor-element elementor-element-76442db elementor-widget elementor-widget-image\" data-id=\"76442db\" data-element_type=\"widget\" data-widget_type=\"image.default\">\n\t\t\t\t<div class=\"elementor-widget-container\">\n\t\t\t\t\t\t\t\t\t\t\t\t\t\t\t<img fetchpriority=\"high\" decoding=\"async\" width=\"992\" height=\"418\" src=\"https:\/\/horic.ca\/wp-content\/uploads\/2025\/02\/hovr.png\" class=\"attachment-full size-full wp-image-662\" alt=\"\" srcset=\"https:\/\/horic.ca\/wp-content\/uploads\/2025\/02\/hovr.png 992w, https:\/\/horic.ca\/wp-content\/uploads\/2025\/02\/hovr-300x126.png 300w, https:\/\/horic.ca\/wp-content\/uploads\/2025\/02\/hovr-768x324.png 768w\" sizes=\"(max-width: 992px) 100vw, 992px\" \/>\t\t\t\t\t\t\t\t\t\t\t\t\t\t\t<\/div>\n\t\t\t\t<\/div>\n\t\t\t\t<\/div>\n\t\t<div class=\"elementor-element elementor-element-33494cf2 e-con-full e-flex e-con e-child\" data-id=\"33494cf2\" data-element_type=\"container\">\n\t\t\t\t<div class=\"elementor-element elementor-element-3352429d elementor-widget elementor-widget-elementskit-heading\" data-id=\"3352429d\" data-element_type=\"widget\" data-widget_type=\"elementskit-heading.default\">\n\t\t\t\t<div class=\"elementor-widget-container\">\n\t\t\t\t\t<div class=\"ekit-wid-con\" ><div class=\"ekit-heading elementskit-section-title-wraper text_left   ekit_heading_tablet-   ekit_heading_mobile-\"><h2 class=\"ekit-heading--title elementskit-section-title \"> <span><span>DEPUIS<\/span><\/span><\/h2><h3 class=\"ekit-heading--subtitle elementskit-section-subtitle  \">\n\t\t\t\t\t\t2019\n\t\t\t\t\t<\/h3><\/div><\/div>\t\t\t\t<\/div>\n\t\t\t\t<\/div>\n\t\t\t\t<\/div>\n\t\t<div class=\"elementor-element elementor-element-12fdc7b e-con-full e-flex e-con e-child\" data-id=\"12fdc7b\" data-element_type=\"container\">\n\t\t\t\t<div class=\"elementor-element elementor-element-159a284 elementor-widget elementor-widget-elementskit-heading\" data-id=\"159a284\" data-element_type=\"widget\" data-widget_type=\"elementskit-heading.default\">\n\t\t\t\t<div class=\"elementor-widget-container\">\n\t\t\t\t\t<div class=\"ekit-wid-con\" ><div class=\"ekit-heading elementskit-section-title-wraper text_left   ekit_heading_tablet-   ekit_heading_mobile-\"><h2 class=\"ekit-heading--title elementskit-section-title \"> <span><span>EMPLACEMENT<\/span><\/span><\/h2><h3 class=\"ekit-heading--subtitle elementskit-section-subtitle  \">\n\t\t\t\t\t\tCanada\n\t\t\t\t\t<\/h3><\/div><\/div>\t\t\t\t<\/div>\n\t\t\t\t<\/div>\n\t\t\t\t<\/div>\n\t\t<div class=\"elementor-element elementor-element-f23baea e-con-full e-flex e-con e-child\" data-id=\"f23baea\" data-element_type=\"container\">\n\t\t\t\t<div class=\"elementor-element elementor-element-2aaec474 elementor-widget elementor-widget-elementskit-heading\" data-id=\"2aaec474\" data-element_type=\"widget\" data-widget_type=\"elementskit-heading.default\">\n\t\t\t\t<div class=\"elementor-widget-container\">\n\t\t\t\t\t<div class=\"ekit-wid-con\" ><div class=\"ekit-heading elementskit-section-title-wraper text_left   ekit_heading_tablet-   ekit_heading_mobile-\"><a href=\"https:\/\/www.ridehovr.com\/\"><h2 class=\"ekit-heading--title elementskit-section-title \"> <span><span>SITE WEB<\/span><\/span><\/h2><\/a><h3 class=\"ekit-heading--subtitle elementskit-section-subtitle  \">\n\t\t\t\t\t\tridehovr.com\n\t\t\t\t\t<\/h3><\/div><\/div>\t\t\t\t<\/div>\n\t\t\t\t<\/div>\n\t\t\t\t<\/div>\n\t\t\t\t\t<\/div>\n\t\t\t\t<\/div>\n\t\t<div class=\"elementor-element elementor-element-29bd82a9 e-flex e-con-boxed elementor-invisible e-con e-parent\" data-id=\"29bd82a9\" data-element_type=\"container\" data-settings=\"{&quot;animation&quot;:&quot;slideInUp&quot;,&quot;animation_delay&quot;:150}\">\n\t\t\t\t\t<div class=\"e-con-inner\">\n\t\t<div class=\"elementor-element elementor-element-494ab28a e-con-full e-flex e-con e-child\" data-id=\"494ab28a\" data-element_type=\"container\">\n\t\t\t\t<div class=\"elementor-element elementor-element-3728c52 elementor-widget elementor-widget-elementskit-heading\" data-id=\"3728c52\" data-element_type=\"widget\" data-widget_type=\"elementskit-heading.default\">\n\t\t\t\t<div class=\"elementor-widget-container\">\n\t\t\t\t\t<div class=\"ekit-wid-con\" ><div class=\"ekit-heading elementskit-section-title-wraper text_left   ekit_heading_tablet-   ekit_heading_mobile-\"><h2 class=\"ekit-heading--title elementskit-section-title text_fill\">Description de <span><span>projet <\/span><\/span><\/h2><\/div><\/div>\t\t\t\t<\/div>\n\t\t\t\t<\/div>\n\t\t\t\t<div class=\"elementor-element elementor-element-1ba4dc2e elementor-widget elementor-widget-text-editor\" data-id=\"1ba4dc2e\" data-element_type=\"widget\" data-widget_type=\"text-editor.default\">\n\t\t\t\t<div class=\"elementor-widget-container\">\n\t\t\t\t\t\t\t\t\t<p>HOVR con\u00e7oit et fabrique des trottinettes \u00e9lectriques innovantes, promouvant des solutions de mobilit\u00e9 urbaine durable.<\/p>\t\t\t\t\t\t\t\t<\/div>\n\t\t\t\t<\/div>\n\t\t\t\t<\/div>\n\t\t<div class=\"elementor-element elementor-element-2aff8c81 e-con-full e-flex e-con e-child\" data-id=\"2aff8c81\" data-element_type=\"container\">\n\t\t<div class=\"elementor-element elementor-element-3221c20c e-con-full e-flex e-con e-child\" data-id=\"3221c20c\" data-element_type=\"container\">\n\t\t\t\t<div class=\"elementor-element elementor-element-37208db6 elementor-widget elementor-widget-heading\" data-id=\"37208db6\" data-element_type=\"widget\" data-widget_type=\"heading.default\">\n\t\t\t\t<div class=\"elementor-widget-container\">\n\t\t\t\t\t<h2 class=\"elementor-heading-title elementor-size-default\">Services offerts<\/h2>\t\t\t\t<\/div>\n\t\t\t\t<\/div>\n\t\t\t\t<\/div>\n\t\t\t\t<div class=\"elementor-element elementor-element-46205887 elementor-icon-list--layout-traditional elementor-list-item-link-full_width elementor-widget elementor-widget-icon-list\" data-id=\"46205887\" data-element_type=\"widget\" data-widget_type=\"icon-list.default\">\n\t\t\t\t<div class=\"elementor-widget-container\">\n\t\t\t\t\t\t\t<ul class=\"elementor-icon-list-items\">\n\t\t\t\t\t\t\t<li class=\"elementor-icon-list-item\">\n\t\t\t\t\t\t\t\t\t\t\t<span class=\"elementor-icon-list-icon\">\n\t\t\t\t\t\t\t<i aria-hidden=\"true\" class=\"icon icon-right-arrow1\"><\/i>\t\t\t\t\t\t<\/span>\n\t\t\t\t\t\t\t\t\t\t<span class=\"elementor-icon-list-text\">Solutions de mobilit\u00e9 durable<\/span>\n\t\t\t\t\t\t\t\t\t<\/li>\n\t\t\t\t\t\t\t\t<li class=\"elementor-icon-list-item\">\n\t\t\t\t\t\t\t\t\t\t\t<span class=\"elementor-icon-list-icon\">\n\t\t\t\t\t\t\t<i aria-hidden=\"true\" class=\"icon icon-right-arrow1\"><\/i>\t\t\t\t\t\t<\/span>\n\t\t\t\t\t\t\t\t\t\t<span class=\"elementor-icon-list-text\">Service de covoiturage par adh\u00e9sion<\/span>\n\t\t\t\t\t\t\t\t\t<\/li>\n\t\t\t\t\t\t<\/ul>\n\t\t\t\t\t\t<\/div>\n\t\t\t\t<\/div>\n\t\t\t\t<\/div>\n\t\t\t\t\t<\/div>\n\t\t\t\t<\/div>\n\t\t\t\t<\/div>\n\t\t","protected":false},"excerpt":{"rendered":"<p>&lt; Projets DEPUIS 2019 EMPLACEMENT Canada SITE WEB ridehovr.com Description de projet HOVR con\u00e7oit et fabrique des trottinettes \u00e9lectriques innovantes, promouvant des solutions de mobilit\u00e9 urbaine durable. Services offerts Solutions de mobilit\u00e9 durable Service de covoiturage par adh\u00e9sion<\/p>\n","protected":false},"author":1,"featured_media":0,"parent":732,"menu_order":0,"comment_status":"closed","ping_status":"closed","template":"","meta":{"_seopress_robots_primary_cat":"","_seopress_titles_title":"Hovr | Projet | Horic Group","_seopress_titles_desc":"HOVR con\u00e7oit et fabrique des trottinettes \u00e9lectriques innovantes, promouvant des solutions de mobilit\u00e9 urbaine durable.","_seopress_robots_index":"","footnotes":""},"class_list":["post-754","page","type-page","status-publish","hentry"],"_links":{"self":[{"href":"https:\/\/horic.ca\/fr\/wp-json\/wp\/v2\/pages\/754","targetHints":{"allow":["GET"]}}],"collection":[{"href":"https:\/\/horic.ca\/fr\/wp-json\/wp\/v2\/pages"}],"about":[{"href":"https:\/\/horic.ca\/fr\/wp-json\/wp\/v2\/types\/page"}],"author":[{"embeddable":true,"href":"https:\/\/horic.ca\/fr\/wp-json\/wp\/v2\/users\/1"}],"replies":[{"embeddable":true,"href":"https:\/\/horic.ca\/fr\/wp-json\/wp\/v2\/comments?post=754"}],"version-history":[{"count":5,"href":"https:\/\/horic.ca\/fr\/wp-json\/wp\/v2\/pages\/754\/revisions"}],"predecessor-version":[{"id":760,"href":"https:\/\/horic.ca\/fr\/wp-json\/wp\/v2\/pages\/754\/revisions\/760"}],"up":[{"embeddable":true,"href":"https:\/\/horic.ca\/fr\/wp-json\/wp\/v2\/pages\/732"}],"wp:attachment":[{"href":"https:\/\/horic.ca\/fr\/wp-json\/wp\/v2\/media?parent=754"}],"curies":[{"name":"wp","href":"https:\/\/api.w.org\/{rel}","templated":true}]}}