{"id":716,"date":"2025-02-06T22:12:39","date_gmt":"2025-02-07T03:12:39","guid":{"rendered":"https:\/\/horic.ca\/about-us\/"},"modified":"2025-02-28T09:13:45","modified_gmt":"2025-02-28T14:13:45","slug":"a-propos","status":"publish","type":"page","link":"https:\/\/horic.ca\/fr\/a-propos\/","title":{"rendered":"\u00c0 propos"},"content":{"rendered":"\t\t<div data-elementor-type=\"wp-page\" data-elementor-id=\"716\" class=\"elementor elementor-716 elementor-149\" data-elementor-post-type=\"page\">\n\t\t\t\t<div class=\"elementor-element elementor-element-5b3ec3fe e-con-full e-flex e-con e-parent\" data-id=\"5b3ec3fe\" data-element_type=\"container\" data-settings=\"{&quot;background_background&quot;:&quot;gradient&quot;}\">\n\t\t<div class=\"elementor-element elementor-element-33ec025c e-flex e-con-boxed elementor-invisible e-con e-child\" data-id=\"33ec025c\" data-element_type=\"container\" data-settings=\"{&quot;animation&quot;:&quot;slideInUp&quot;,&quot;animation_delay&quot;:150}\">\n\t\t\t\t\t<div class=\"e-con-inner\">\n\t\t<div class=\"elementor-element elementor-element-ce54ce e-con-full e-flex e-con e-child\" data-id=\"ce54ce\" data-element_type=\"container\">\n\t\t\t\t<\/div>\n\t\t\t\t<div class=\"elementor-element elementor-element-422b77b7 elementor-widget__width-initial elementor-widget elementor-widget-elementskit-heading\" data-id=\"422b77b7\" data-element_type=\"widget\" data-widget_type=\"elementskit-heading.default\">\n\t\t\t\t<div class=\"elementor-widget-container\">\n\t\t\t\t\t<div class=\"ekit-wid-con\" ><div class=\"ekit-heading elementskit-section-title-wraper text_center   ekit_heading_tablet-   ekit_heading_mobile-\"><h2 class=\"ekit-heading--title elementskit-section-title text_fill\">Qui est le <span><span>Horic Group<\/span><\/span>\u00a0?<\/h2><\/div><\/div>\t\t\t\t<\/div>\n\t\t\t\t<\/div>\n\t\t\t\t\t<\/div>\n\t\t\t\t<\/div>\n\t\t\t\t<\/div>\n\t\t<div class=\"elementor-element elementor-element-55696725 e-flex e-con-boxed elementor-invisible e-con e-child\" data-id=\"55696725\" data-element_type=\"container\" data-settings=\"{&quot;background_background&quot;:&quot;classic&quot;,&quot;animation&quot;:&quot;slideInUp&quot;,&quot;animation_delay&quot;:150}\">\n\t\t\t\t\t<div class=\"e-con-inner\">\n\t\t<div class=\"elementor-element elementor-element-28643423 e-con-full e-flex e-con e-child\" data-id=\"28643423\" data-element_type=\"container\">\n\t\t\t\t<div class=\"elementor-element elementor-element-64df2b18 elementor-widget elementor-widget-elementskit-heading\" data-id=\"64df2b18\" data-element_type=\"widget\" data-widget_type=\"elementskit-heading.default\">\n\t\t\t\t<div class=\"elementor-widget-container\">\n\t\t\t\t\t<div class=\"ekit-wid-con\" ><div class=\"ekit-heading elementskit-section-title-wraper text_left   ekit_heading_tablet-text_center   ekit_heading_mobile-\"><h2 class=\"ekit-heading--title elementskit-section-title text_fill\">Horic Group est une soci\u00e9t\u00e9 de portefeuille cr\u00e9\u00e9e pour g\u00e9rer et soutenir les diverses entreprises d\u2019<span><span>Alan Horic<\/span><\/span>.<\/h2><\/div><\/div>\t\t\t\t<\/div>\n\t\t\t\t<\/div>\n\t\t\t\t<\/div>\n\t\t<div class=\"elementor-element elementor-element-19b05396 e-con-full e-flex e-con e-child\" data-id=\"19b05396\" data-element_type=\"container\">\n\t\t\t\t<div class=\"elementor-element elementor-element-51431cde elementor-widget elementor-widget-text-editor\" data-id=\"51431cde\" data-element_type=\"widget\" data-widget_type=\"text-editor.default\">\n\t\t\t\t<div class=\"elementor-widget-container\">\n\t\t\t\t\t\t\t\t\t<p>En mettant l\u2019accent sur des investissements strat\u00e9giques et en favorisant l\u2019innovation, Horic Group sert de fondation au succ\u00e8s entrepreneurial dans divers secteurs, notamment le marketing, la technologie, l\u2019immobilier, le d\u00e9veloppement de logiciels, le commerce international et l\u2019investissement.<\/p>\t\t\t\t\t\t\t\t<\/div>\n\t\t\t\t<\/div>\n\t\t\t\t<\/div>\n\t\t\t\t\t<\/div>\n\t\t\t\t<\/div>\n\t\t<div class=\"elementor-element elementor-element-1c611d7 e-flex e-con-boxed elementor-invisible e-con e-parent\" data-id=\"1c611d7\" data-element_type=\"container\" data-settings=\"{&quot;background_background&quot;:&quot;classic&quot;,&quot;animation&quot;:&quot;slideInUp&quot;,&quot;animation_delay&quot;:150}\">\n\t\t\t\t\t<div class=\"e-con-inner\">\n\t\t\t\t<div class=\"elementor-element elementor-element-0f5733e elementor-widget-divider--view-line elementor-widget elementor-widget-divider\" data-id=\"0f5733e\" data-element_type=\"widget\" data-widget_type=\"divider.default\">\n\t\t\t\t<div class=\"elementor-widget-container\">\n\t\t\t\t\t\t\t<div class=\"elementor-divider\">\n\t\t\t<span class=\"elementor-divider-separator\">\n\t\t\t\t\t\t<\/span>\n\t\t<\/div>\n\t\t\t\t\t\t<\/div>\n\t\t\t\t<\/div>\n\t\t\t\t\t<\/div>\n\t\t\t\t<\/div>\n\t\t<div class=\"elementor-element elementor-element-c74f855 e-flex e-con-boxed elementor-invisible e-con e-child\" data-id=\"c74f855\" data-element_type=\"container\" data-settings=\"{&quot;background_background&quot;:&quot;classic&quot;,&quot;animation&quot;:&quot;slideInUp&quot;,&quot;animation_delay&quot;:150}\">\n\t\t\t\t\t<div class=\"e-con-inner\">\n\t\t<div class=\"elementor-element elementor-element-2f0fecf e-con-full e-flex e-con e-child\" data-id=\"2f0fecf\" data-element_type=\"container\">\n\t\t\t\t<div class=\"elementor-element elementor-element-0e1c9e0 elementor-widget elementor-widget-text-editor\" data-id=\"0e1c9e0\" data-element_type=\"widget\" data-widget_type=\"text-editor.default\">\n\t\t\t\t<div class=\"elementor-widget-container\">\n\t\t\t\t\t\t\t\t\t<p>Horic Group se consacre \u00e0 stimuler la croissance et \u00e0 cr\u00e9er de la valeur au sein de son portefeuille d\u2019entreprises. Gr\u00e2ce \u00e0 un accent mis sur l\u2019innovation et le d\u00e9veloppement durable, nous veillons \u00e0 ce que chaque projet prosp\u00e8re en alignant sa direction strat\u00e9gique sur des objectifs \u00e0 long terme. Notre implication couvre de multiples industries, tirant parti d\u2019une expertise approfondie et d\u2019une approche visionnaire pour g\u00e9n\u00e9rer un impact durable. De plus, nous sommes sp\u00e9cialis\u00e9s dans la transformation d\u2019entreprises locales de services en franchises, permettant ainsi une croissance rapide et une \u00e9volutivit\u00e9 accrue.<\/p>\t\t\t\t\t\t\t\t<\/div>\n\t\t\t\t<\/div>\n\t\t\t\t<\/div>\n\t\t<div class=\"elementor-element elementor-element-765029a e-con-full e-flex e-con e-child\" data-id=\"765029a\" data-element_type=\"container\">\n\t\t\t\t<div class=\"elementor-element elementor-element-4e64630 elementor-widget elementor-widget-image\" data-id=\"4e64630\" data-element_type=\"widget\" data-widget_type=\"image.default\">\n\t\t\t\t<div class=\"elementor-widget-container\">\n\t\t\t\t\t\t\t\t\t\t\t\t\t\t\t<img fetchpriority=\"high\" decoding=\"async\" width=\"800\" height=\"534\" src=\"https:\/\/horic.ca\/wp-content\/uploads\/2025\/02\/Brandmodejpg-024-1024x683.jpg\" class=\"attachment-large size-large wp-image-652\" alt=\"\" srcset=\"https:\/\/horic.ca\/wp-content\/uploads\/2025\/02\/Brandmodejpg-024-1024x683.jpg 1024w, https:\/\/horic.ca\/wp-content\/uploads\/2025\/02\/Brandmodejpg-024-300x200.jpg 300w, https:\/\/horic.ca\/wp-content\/uploads\/2025\/02\/Brandmodejpg-024-768x512.jpg 768w, https:\/\/horic.ca\/wp-content\/uploads\/2025\/02\/Brandmodejpg-024.jpg 1500w\" sizes=\"(max-width: 800px) 100vw, 800px\" \/>\t\t\t\t\t\t\t\t\t\t\t\t\t\t\t<\/div>\n\t\t\t\t<\/div>\n\t\t\t\t<\/div>\n\t\t<div class=\"elementor-element elementor-element-9cb3c63 e-con-full e-flex e-con e-child\" data-id=\"9cb3c63\" data-element_type=\"container\" data-settings=\"{&quot;background_background&quot;:&quot;classic&quot;}\">\n\t\t<div class=\"elementor-element elementor-element-524bc2f e-con-full e-flex e-con e-child\" data-id=\"524bc2f\" data-element_type=\"container\">\n\t\t\t\t<div class=\"elementor-element elementor-element-e2b869e elementor-widget elementor-widget-heading\" data-id=\"e2b869e\" data-element_type=\"widget\" data-widget_type=\"heading.default\">\n\t\t\t\t<div class=\"elementor-widget-container\">\n\t\t\t\t\t<h2 class=\"elementor-heading-title elementor-size-default\">Contactez-nous d\u00e8s aujourd'hui pour <strong>discuter de votre projet<\/strong>.<\/h2>\t\t\t\t<\/div>\n\t\t\t\t<\/div>\n\t\t\t\t<div class=\"elementor-element elementor-element-8c4d62d elementor-align-center elementor-widget elementor-widget-elementskit-button\" data-id=\"8c4d62d\" data-element_type=\"widget\" data-widget_type=\"elementskit-button.default\">\n\t\t\t\t<div class=\"elementor-widget-container\">\n\t\t\t\t\t<div class=\"ekit-wid-con\" >\t\t<div class=\"ekit-btn-wraper\">\n\t\t\t\t\t\t\t<a href=\"\/fr\/contact\/\" class=\"elementskit-btn  whitespace--normal\" id=\"\">\n\t\t\t\t\tDiscutons<i class=\"icon icon-right-arrow1\"><\/i>\t\t\t\t<\/a>\n\t\t\t\t\t<\/div>\n        <\/div>\t\t\t\t<\/div>\n\t\t\t\t<\/div>\n\t\t\t\t<\/div>\n\t\t\t\t<\/div>\n\t\t\t\t\t<\/div>\n\t\t\t\t<\/div>\n\t\t<div class=\"elementor-element elementor-element-6baf963 e-flex e-con-boxed e-con e-parent\" data-id=\"6baf963\" data-element_type=\"container\" data-settings=\"{&quot;background_background&quot;:&quot;classic&quot;}\">\n\t\t\t\t\t<div class=\"e-con-inner\">\n\t\t\t\t<div class=\"elementor-element elementor-element-475800e elementor-widget-divider--view-line elementor-widget elementor-widget-divider\" data-id=\"475800e\" data-element_type=\"widget\" data-widget_type=\"divider.default\">\n\t\t\t\t<div class=\"elementor-widget-container\">\n\t\t\t\t\t\t\t<div class=\"elementor-divider\">\n\t\t\t<span class=\"elementor-divider-separator\">\n\t\t\t\t\t\t<\/span>\n\t\t<\/div>\n\t\t\t\t\t\t<\/div>\n\t\t\t\t<\/div>\n\t\t\t\t\t<\/div>\n\t\t\t\t<\/div>\n\t\t<div class=\"elementor-element elementor-element-7c1f705 e-flex e-con-boxed e-con e-child\" data-id=\"7c1f705\" data-element_type=\"container\" data-settings=\"{&quot;background_background&quot;:&quot;classic&quot;}\">\n\t\t\t\t\t<div class=\"e-con-inner\">\n\t\t<div class=\"elementor-element elementor-element-c55983d e-con-full e-flex e-con e-child\" data-id=\"c55983d\" data-element_type=\"container\">\n\t\t\t\t<div class=\"elementor-element elementor-element-dd6d1ec elementor-widget elementor-widget-text-editor\" data-id=\"dd6d1ec\" data-element_type=\"widget\" data-widget_type=\"text-editor.default\">\n\t\t\t\t<div class=\"elementor-widget-container\">\n\t\t\t\t\t\t\t\t\t<p>Alan Horic, fondateur de Horic Group, apporte plus de deux d\u00e9cennies d\u2019exp\u00e9rience dans divers secteurs. Avec une solide formation acad\u00e9mique en d\u00e9veloppement de logiciels et un baccalaur\u00e9at en administration des affaires, compl\u00e9t\u00e9s par une formation avanc\u00e9e au MIT, Alan excelle dans la planification strat\u00e9gique, l\u2019innovation et l\u2019efficacit\u00e9 op\u00e9rationnelle. Son exp\u00e9rience s\u2019\u00e9tend aux march\u00e9s canadien et am\u00e9ricain, tant dans les environnements B2B que B2C. Parfaitement bilingue en fran\u00e7ais et en anglais, le leadership d\u2019Alan garantit la croissance, l\u2019\u00e9volutivit\u00e9 et des r\u00e9sultats marquants pour chaque projet.<\/p>\t\t\t\t\t\t\t\t<\/div>\n\t\t\t\t<\/div>\n\t\t\t\t<\/div>\n\t\t\t\t\t<\/div>\n\t\t\t\t<\/div>\n\t\t<div class=\"elementor-element elementor-element-2877ed61 e-flex e-con-boxed e-con e-parent\" data-id=\"2877ed61\" data-element_type=\"container\" id=\"mission\" data-settings=\"{&quot;background_background&quot;:&quot;classic&quot;,&quot;background_motion_fx_motion_fx_scrolling&quot;:&quot;yes&quot;,&quot;background_motion_fx_devices&quot;:[&quot;desktop&quot;,&quot;laptop&quot;,&quot;tablet&quot;]}\">\n\t\t\t\t\t<div class=\"e-con-inner\">\n\t\t<div class=\"elementor-element elementor-element-7cbe78ac e-con-full e-flex elementor-invisible e-con e-child\" data-id=\"7cbe78ac\" data-element_type=\"container\" data-settings=\"{&quot;animation&quot;:&quot;slideInUp&quot;,&quot;animation_delay&quot;:150}\">\n\t\t\t\t<div class=\"elementor-element elementor-element-715cf37 elementor-widget__width-initial elementor-widget elementor-widget-elementskit-heading\" data-id=\"715cf37\" data-element_type=\"widget\" data-widget_type=\"elementskit-heading.default\">\n\t\t\t\t<div class=\"elementor-widget-container\">\n\t\t\t\t\t<div class=\"ekit-wid-con\" ><div class=\"ekit-heading elementskit-section-title-wraper text_center   ekit_heading_tablet-   ekit_heading_mobile-\"><h2 class=\"ekit-heading--title elementskit-section-title text_fill\">Nous nous engageons \u00e0 stimuler l'<span>innovation<\/span>, \u00e0 favoriser la <span>croissance<\/span> et \u00e0 assurer un <span>succ\u00e8s durable<\/span> gr\u00e2ce \u00e0 des investissements strat\u00e9giques et des solutions innovantes.<\/h2><h4 class=\"ekit-heading--subtitle elementskit-section-subtitle   ekit-heading__subtitle-has-border\">\n\t\t\t\t\t\tAlan Horic\n\t\t\t\t\t<\/h4>\t\t\t\t<div class='ekit-heading__description'>\n\t\t\t\t\t<p>PDG<\/p>\n\t\t\t\t<\/div>\n\t\t\t<\/div><\/div>\t\t\t\t<\/div>\n\t\t\t\t<\/div>\n\t\t\t\t<\/div>\n\t\t\t\t\t<\/div>\n\t\t\t\t<\/div>\n\t\t<div class=\"elementor-element elementor-element-f4cf88a e-flex e-con-boxed e-con e-parent\" data-id=\"f4cf88a\" data-element_type=\"container\" data-settings=\"{&quot;background_background&quot;:&quot;classic&quot;}\">\n\t\t\t\t\t<div class=\"e-con-inner\">\n\t\t<div class=\"elementor-element elementor-element-7016f13a e-con-full e-flex elementor-invisible e-con e-child\" data-id=\"7016f13a\" data-element_type=\"container\" data-settings=\"{&quot;animation&quot;:&quot;slideInUp&quot;,&quot;animation_delay&quot;:150}\">\n\t\t<div class=\"elementor-element elementor-element-38990ade e-con-full e-flex e-con e-child\" data-id=\"38990ade\" data-element_type=\"container\">\n\t\t\t\t<div class=\"elementor-element elementor-element-236924cf elementor-widget elementor-widget-heading\" data-id=\"236924cf\" data-element_type=\"widget\" data-widget_type=\"heading.default\">\n\t\t\t\t<div class=\"elementor-widget-container\">\n\t\t\t\t\t<h2 class=\"elementor-heading-title elementor-size-default\">Notre mission<\/h2>\t\t\t\t<\/div>\n\t\t\t\t<\/div>\n\t\t\t\t<\/div>\n\t\t\t\t<div class=\"elementor-element elementor-element-3acde67 elementor-widget elementor-widget-text-editor\" data-id=\"3acde67\" data-element_type=\"widget\" data-widget_type=\"text-editor.default\">\n\t\t\t\t<div class=\"elementor-widget-container\">\n\t\t\t\t\t\t\t\t\t<p>Chez Horic Group, notre mission est de permettre aux entreprises de notre portefeuille d\u2019atteindre leur plein potentiel en transformant des entreprises locales de services en franchises \u00e9volutives. Nous nous engageons \u00e0 stimuler l\u2019innovation, \u00e0 favoriser la croissance et \u00e0 assurer un succ\u00e8s durable gr\u00e2ce \u00e0 des investissements strat\u00e9giques et des solutions innovantes. Par une gestion rigoureuse, des investissements r\u00e9fl\u00e9chis et un engagement in\u00e9branlable envers l\u2019excellence, nous aspirons \u00e0 b\u00e2tir un h\u00e9ritage d\u2019entreprises prosp\u00e8res et impactantes dans divers secteurs.<\/p>\t\t\t\t\t\t\t\t<\/div>\n\t\t\t\t<\/div>\n\t\t\t\t<\/div>\n\t\t\t\t\t<\/div>\n\t\t\t\t<\/div>\n\t\t<div class=\"elementor-element elementor-element-7ea1e56 e-flex e-con-boxed elementor-invisible e-con e-child\" data-id=\"7ea1e56\" data-element_type=\"container\" id=\"alan-horic\" data-settings=\"{&quot;background_background&quot;:&quot;classic&quot;,&quot;animation&quot;:&quot;slideInUp&quot;,&quot;animation_delay&quot;:150}\">\n\t\t\t\t\t<div class=\"e-con-inner\">\n\t\t<div class=\"elementor-element elementor-element-1daa69a e-con-full e-flex elementor-invisible e-con e-child\" data-id=\"1daa69a\" data-element_type=\"container\" data-settings=\"{&quot;animation&quot;:&quot;slideInUp&quot;,&quot;animation_delay&quot;:150}\">\n\t\t<div class=\"elementor-element elementor-element-08e31bd e-con-full e-flex e-con e-child\" data-id=\"08e31bd\" data-element_type=\"container\">\n\t\t\t\t<div class=\"elementor-element elementor-element-64c76ee elementor-widget elementor-widget-heading\" data-id=\"64c76ee\" data-element_type=\"widget\" data-widget_type=\"heading.default\">\n\t\t\t\t<div class=\"elementor-widget-container\">\n\t\t\t\t\t<h1 class=\"elementor-heading-title elementor-size-default\">Alan Horic<\/h1>\t\t\t\t<\/div>\n\t\t\t\t<\/div>\n\t\t\t\t<\/div>\n\t\t\t\t<div class=\"elementor-element elementor-element-62e2fe1 elementor-widget__width-initial elementor-widget elementor-widget-elementskit-heading\" data-id=\"62e2fe1\" data-element_type=\"widget\" data-widget_type=\"elementskit-heading.default\">\n\t\t\t\t<div class=\"elementor-widget-container\">\n\t\t\t\t\t<div class=\"ekit-wid-con\" ><div class=\"ekit-heading elementskit-section-title-wraper text_center   ekit_heading_tablet-   ekit_heading_mobile-\"><h2 class=\"ekit-heading--title elementskit-section-title text_fill\">Qui est <span><span>Alan Horic<\/span><\/span> ?<\/h2><\/div><\/div>\t\t\t\t<\/div>\n\t\t\t\t<\/div>\n\t\t\t\t<\/div>\n\t\t<div class=\"elementor-element elementor-element-2f8072c e-con-full e-flex e-con e-child\" data-id=\"2f8072c\" data-element_type=\"container\">\n\t\t\t\t<div class=\"elementor-element elementor-element-4ecd4c3 elementor-widget elementor-widget-elementskit-heading\" data-id=\"4ecd4c3\" data-element_type=\"widget\" data-widget_type=\"elementskit-heading.default\">\n\t\t\t\t<div class=\"elementor-widget-container\">\n\t\t\t\t\t<div class=\"ekit-wid-con\" ><div class=\"ekit-heading elementskit-section-title-wraper text_left   ekit_heading_tablet-text_center   ekit_heading_mobile-\"><h2 class=\"ekit-heading--title elementskit-section-title text_fill\"><span>Alan Horic<\/span> poss\u00e8de plus de deux d\u00e9cennies d\u2019expertise, forg\u00e9es par une solide formation acad\u00e9mique et un ensemble diversifi\u00e9 de comp\u00e9tences.<\/h2><\/div><\/div>\t\t\t\t<\/div>\n\t\t\t\t<\/div>\n\t\t\t\t<\/div>\n\t\t<div class=\"elementor-element elementor-element-ade65b9 e-con-full e-flex e-con e-child\" data-id=\"ade65b9\" data-element_type=\"container\">\n\t\t\t\t<div class=\"elementor-element elementor-element-346c8da elementor-widget elementor-widget-text-editor\" data-id=\"346c8da\" data-element_type=\"widget\" data-widget_type=\"text-editor.default\">\n\t\t\t\t<div class=\"elementor-widget-container\">\n\t\t\t\t\t\t\t\t\t<p>Son parcours acad\u00e9mique a d\u00e9but\u00e9 par une sp\u00e9cialisation en d\u00e9veloppement de logiciels, qui lui a apport\u00e9 des connaissances techniques approfondies et une approche ax\u00e9e sur la r\u00e9solution de probl\u00e8mes. Sur cette base, Alan a poursuivi un baccalaur\u00e9at en administration des affaires (BBA), renfor\u00e7ant ainsi sa compr\u00e9hension de la gestion, de la strat\u00e9gie et de l\u2019innovation. Il a \u00e9galement compl\u00e9t\u00e9 une formation avanc\u00e9e en gestion et strat\u00e9gie au Massachusetts Institute of Technology (MIT).<\/p>\t\t\t\t\t\t\t\t<\/div>\n\t\t\t\t<\/div>\n\t\t\t\t<\/div>\n\t\t\t\t\t<\/div>\n\t\t\t\t<\/div>\n\t\t<div class=\"elementor-element elementor-element-30e2082 e-flex e-con-boxed e-con e-child\" data-id=\"30e2082\" data-element_type=\"container\" data-settings=\"{&quot;background_background&quot;:&quot;classic&quot;}\">\n\t\t\t\t\t<div class=\"e-con-inner\">\n\t\t<div class=\"elementor-element elementor-element-33770b9 e-con-full e-flex e-con e-child\" data-id=\"33770b9\" data-element_type=\"container\" data-settings=\"{&quot;background_background&quot;:&quot;classic&quot;}\">\n\t\t\t\t<div class=\"elementor-element elementor-element-3cc1c10 elementor-widget-divider--view-line elementor-widget elementor-widget-divider\" data-id=\"3cc1c10\" data-element_type=\"widget\" data-widget_type=\"divider.default\">\n\t\t\t\t<div class=\"elementor-widget-container\">\n\t\t\t\t\t\t\t<div class=\"elementor-divider\">\n\t\t\t<span class=\"elementor-divider-separator\">\n\t\t\t\t\t\t<\/span>\n\t\t<\/div>\n\t\t\t\t\t\t<\/div>\n\t\t\t\t<\/div>\n\t\t\t\t<\/div>\n\t\t<div class=\"elementor-element elementor-element-8ad78fd e-con-full e-flex elementor-invisible e-con e-child\" data-id=\"8ad78fd\" data-element_type=\"container\" data-settings=\"{&quot;animation&quot;:&quot;slideInUp&quot;,&quot;animation_delay&quot;:150}\">\n\t\t\t\t<div class=\"elementor-element elementor-element-21fe4f3 elementor-widget elementor-widget-text-editor\" data-id=\"21fe4f3\" data-element_type=\"widget\" data-widget_type=\"text-editor.default\">\n\t\t\t\t<div class=\"elementor-widget-container\">\n\t\t\t\t\t\t\t\t\t<p>Les comp\u00e9tences d\u2019Alan couvrent la planification strat\u00e9gique, le marketing, le d\u00e9veloppement de logiciels, la comptabilit\u00e9 et l\u2019efficacit\u00e9 op\u00e9rationnelle. Il poss\u00e8de une vaste exp\u00e9rience dans les march\u00e9s canadien et am\u00e9ricain, ma\u00eetrisant les complexit\u00e9s des environnements B2B et B2C. Apprenant tout au long de sa vie, Alan combine son expertise technique \u00e0 une solide vision d\u2019affaires pour stimuler la croissance et obtenir des r\u00e9sultats percutants dans divers secteurs. Parfaitement bilingue en fran\u00e7ais et en anglais, Alan navigue ais\u00e9ment sur les march\u00e9s internationaux et favorise une communication efficace.<\/p>\t\t\t\t\t\t\t\t<\/div>\n\t\t\t\t<\/div>\n\t\t\t\t<div class=\"elementor-element elementor-element-92dbefb elementor-widget elementor-widget-elementskit-heading\" data-id=\"92dbefb\" data-element_type=\"widget\" data-widget_type=\"elementskit-heading.default\">\n\t\t\t\t<div class=\"elementor-widget-container\">\n\t\t\t\t\t<div class=\"ekit-wid-con\" ><div class=\"ekit-heading elementskit-section-title-wraper text_center   ekit_heading_tablet-   ekit_heading_mobile-\"><h2 class=\"ekit-heading--title elementskit-section-title text_fill\">Son <span>engagement envers l\u2019excellence<\/span> et son approche multidisciplinaire garantissent que chaque projet sous sa direction b\u00e9n\u00e9ficie d\u2019innovation, de r\u00e9flexion strat\u00e9gique et d\u2019une concentration sur <span>le succ\u00e8s \u00e0 long terme<\/span>.<\/h2><\/div><\/div>\t\t\t\t<\/div>\n\t\t\t\t<\/div>\n\t\t\t\t<\/div>\n\t\t\t\t\t<\/div>\n\t\t\t\t<\/div>\n\t\t\t\t<\/div>\n\t\t","protected":false},"excerpt":{"rendered":"<p>Qui est le Horic Group\u00a0? Horic Group est une soci\u00e9t\u00e9 de portefeuille cr\u00e9\u00e9e pour g\u00e9rer et soutenir les diverses entreprises d\u2019Alan Horic. En mettant l\u2019accent sur des investissements strat\u00e9giques et en favorisant l\u2019innovation, Horic Group sert de fondation au succ\u00e8s entrepreneurial dans divers secteurs, notamment le marketing, la technologie, l\u2019immobilier, le d\u00e9veloppement de logiciels, le [&hellip;]<\/p>\n","protected":false},"author":1,"featured_media":0,"parent":0,"menu_order":0,"comment_status":"closed","ping_status":"closed","template":"","meta":{"_seopress_robots_primary_cat":"","_seopress_titles_title":"\u00c0 propos de Horic Group","_seopress_titles_desc":"Notre mission est de permettre aux entreprises de notre portefeuille d\u2019atteindre leur plein potentiel en transformant les entreprises de services locales en franchises \u00e9volutives.","_seopress_robots_index":"","footnotes":""},"class_list":["post-716","page","type-page","status-publish","hentry"],"_links":{"self":[{"href":"https:\/\/horic.ca\/fr\/wp-json\/wp\/v2\/pages\/716","targetHints":{"allow":["GET"]}}],"collection":[{"href":"https:\/\/horic.ca\/fr\/wp-json\/wp\/v2\/pages"}],"about":[{"href":"https:\/\/horic.ca\/fr\/wp-json\/wp\/v2\/types\/page"}],"author":[{"embeddable":true,"href":"https:\/\/horic.ca\/fr\/wp-json\/wp\/v2\/users\/1"}],"replies":[{"embeddable":true,"href":"https:\/\/horic.ca\/fr\/wp-json\/wp\/v2\/comments?post=716"}],"version-history":[{"count":7,"href":"https:\/\/horic.ca\/fr\/wp-json\/wp\/v2\/pages\/716\/revisions"}],"predecessor-version":[{"id":727,"href":"https:\/\/horic.ca\/fr\/wp-json\/wp\/v2\/pages\/716\/revisions\/727"}],"wp:attachment":[{"href":"https:\/\/horic.ca\/fr\/wp-json\/wp\/v2\/media?parent=716"}],"curies":[{"name":"wp","href":"https:\/\/api.w.org\/{rel}","templated":true}]}}